{"id":284,"date":"2024-06-30T15:44:21","date_gmt":"2024-06-30T13:44:21","guid":{"rendered":"https:\/\/www.cascadedepiscine.com\/?page_id=284"},"modified":"2025-05-30T15:46:39","modified_gmt":"2025-05-30T13:46:39","slug":"nos-realisations","status":"publish","type":"page","link":"https:\/\/cascadedepiscine.com\/?page_id=284","title":{"rendered":"Nos r\u00e9alisations"},"content":{"rendered":"\n<p><strong>Janvier \u00e0 Mai 2025<\/strong><\/p>\n\n\n\n<div class=\"su-custom-gallery su-custom-gallery-align-left su-custom-gallery-title-never su-lightbox-gallery\"><div class=\"su-custom-gallery-slide\" style=\"width:90px;height:90px\"><a href=\"https:\/\/cascadedepiscine.com\/wp-content\/uploads\/2025\/05\/Mai_2025_01-1.jpg\" title=\"Mai_2025_01\"><img loading=\"lazy\" decoding=\"async\" src=\"https:\/\/cascadedepiscine.com\/wp-content\/uploads\/2025\/05\/Mai_2025_01-1-90x90.jpg\" alt=\"Mai_2025_01\" width=\"90\" height=\"90\" \/><span class=\"su-custom-gallery-title\">Mai_2025_01<\/span><\/a><\/div><div class=\"su-custom-gallery-slide\" style=\"width:90px;height:90px\"><a href=\"https:\/\/cascadedepiscine.com\/wp-content\/uploads\/2025\/05\/Mai_2025_02.jpg\" title=\"Mai_2025_02\"><img loading=\"lazy\" decoding=\"async\" src=\"https:\/\/cascadedepiscine.com\/wp-content\/uploads\/2025\/05\/Mai_2025_02-90x90.jpg\" alt=\"Mai_2025_02\" width=\"90\" height=\"90\" \/><span class=\"su-custom-gallery-title\">Mai_2025_02<\/span><\/a><\/div><div class=\"su-custom-gallery-slide\" style=\"width:90px;height:90px\"><a href=\"https:\/\/cascadedepiscine.com\/wp-content\/uploads\/2025\/05\/Sept_2024_01.jpg\" title=\"Sept_2024_01\"><img loading=\"lazy\" decoding=\"async\" src=\"https:\/\/cascadedepiscine.com\/wp-content\/uploads\/2025\/05\/Sept_2024_01-90x90.jpg\" alt=\"Sept_2024_01\" width=\"90\" height=\"90\" \/><span class=\"su-custom-gallery-title\">Sept_2024_01<\/span><\/a><\/div><div class=\"su-custom-gallery-slide\" style=\"width:90px;height:90px\"><a href=\"https:\/\/cascadedepiscine.com\/wp-content\/uploads\/2025\/05\/Sept_2024_02.jpg\" title=\"Sept_2024_02\"><img loading=\"lazy\" decoding=\"async\" src=\"https:\/\/cascadedepiscine.com\/wp-content\/uploads\/2025\/05\/Sept_2024_02-90x90.jpg\" alt=\"Sept_2024_02\" width=\"90\" height=\"90\" \/><span class=\"su-custom-gallery-title\">Sept_2024_02<\/span><\/a><\/div><div class=\"su-custom-gallery-slide\" style=\"width:90px;height:90px\"><a href=\"https:\/\/cascadedepiscine.com\/wp-content\/uploads\/2025\/05\/Janvier_2025_01.jpg\" title=\"Janvier_2025_01\"><img loading=\"lazy\" decoding=\"async\" src=\"https:\/\/cascadedepiscine.com\/wp-content\/uploads\/2025\/05\/Janvier_2025_01-90x90.jpg\" alt=\"Janvier_2025_01\" width=\"90\" height=\"90\" \/><span class=\"su-custom-gallery-title\">Janvier_2025_01<\/span><\/a><\/div><div class=\"su-clear\"><\/div><\/div>\n\n\n\n<p><strong>Juin 2024 &#8211; La R\u00e9union<\/strong><\/p>\n\n\n\n<p>Nouvelle r\u00e9alisation \u00e0 l&rsquo;\u00eele de La R\u00e9union autour d&rsquo;une piscine d\u00e9j\u00e0 existante !<\/p>\n\n\n\n<figure class=\"wp-block-image size-thumbnail\"><a href=\"https:\/\/www.facebook.com\/reel\/1409975490395144\" target=\"_blank\" rel=\"noreferrer noopener\"><img loading=\"lazy\" decoding=\"async\" width=\"150\" height=\"150\" src=\"https:\/\/www.cascadedepiscine.com\/wp-content\/uploads\/2024\/06\/2024_juin_la_reunion-150x150.png\" alt=\"\" class=\"wp-image-298\" srcset=\"https:\/\/cascadedepiscine.com\/wp-content\/uploads\/2024\/06\/2024_juin_la_reunion-150x150.png 150w, https:\/\/cascadedepiscine.com\/wp-content\/uploads\/2024\/06\/2024_juin_la_reunion-300x300.png 300w, https:\/\/cascadedepiscine.com\/wp-content\/uploads\/2024\/06\/2024_juin_la_reunion.png 596w\" sizes=\"auto, (max-width: 150px) 100vw, 150px\" \/><\/a><\/figure>\n\n\n\n<p><strong>Mai 2024 &#8211; Aubignan<\/strong><\/p>\n\n\n\n<p>Nouvelle r\u00e9alisation d&rsquo;une piscine canyon.<\/p>\n\n\n\n<div class=\"su-custom-gallery su-custom-gallery-align-left su-custom-gallery-title-never su-lightbox-gallery\"><div class=\"su-custom-gallery-slide\" style=\"width:90px;height:90px\"><a href=\"https:\/\/cascadedepiscine.com\/wp-content\/uploads\/2024\/06\/IMG_6923-scaled.jpeg\" title=\"IMG_6923\"><img loading=\"lazy\" decoding=\"async\" src=\"https:\/\/cascadedepiscine.com\/wp-content\/uploads\/2024\/06\/IMG_6923-scaled.jpeg\" alt=\"IMG_6923\" width=\"90\" height=\"90\" \/><span class=\"su-custom-gallery-title\">IMG_6923<\/span><\/a><\/div><div class=\"su-custom-gallery-slide\" style=\"width:90px;height:90px\"><a href=\"https:\/\/cascadedepiscine.com\/wp-content\/uploads\/2024\/06\/IMG_6804-scaled.jpeg\" title=\"IMG_6804\"><img loading=\"lazy\" decoding=\"async\" src=\"https:\/\/cascadedepiscine.com\/wp-content\/uploads\/2024\/06\/IMG_6804-scaled.jpeg\" alt=\"IMG_6804\" width=\"90\" height=\"90\" \/><span class=\"su-custom-gallery-title\">IMG_6804<\/span><\/a><\/div><div class=\"su-custom-gallery-slide\" style=\"width:90px;height:90px\"><a href=\"https:\/\/cascadedepiscine.com\/wp-content\/uploads\/2024\/06\/IMG_7018-scaled.jpeg\" title=\"IMG_7018\"><img loading=\"lazy\" decoding=\"async\" src=\"https:\/\/cascadedepiscine.com\/wp-content\/uploads\/2024\/06\/IMG_7018-scaled.jpeg\" alt=\"IMG_7018\" width=\"90\" height=\"90\" \/><span class=\"su-custom-gallery-title\">IMG_7018<\/span><\/a><\/div><div class=\"su-custom-gallery-slide\" style=\"width:90px;height:90px\"><a href=\"https:\/\/cascadedepiscine.com\/wp-content\/uploads\/2024\/06\/IMG_6976-scaled.jpeg\" title=\"IMG_6976\"><img loading=\"lazy\" decoding=\"async\" src=\"https:\/\/cascadedepiscine.com\/wp-content\/uploads\/2024\/06\/IMG_6976-scaled.jpeg\" alt=\"IMG_6976\" width=\"90\" height=\"90\" \/><span class=\"su-custom-gallery-title\">IMG_6976<\/span><\/a><\/div><div class=\"su-custom-gallery-slide\" style=\"width:90px;height:90px\"><a href=\"https:\/\/cascadedepiscine.com\/wp-content\/uploads\/2024\/06\/IMG_6928-scaled.jpeg\" title=\"IMG_6928\"><img loading=\"lazy\" decoding=\"async\" src=\"https:\/\/cascadedepiscine.com\/wp-content\/uploads\/2024\/06\/IMG_6928-scaled.jpeg\" alt=\"IMG_6928\" width=\"90\" height=\"90\" \/><span class=\"su-custom-gallery-title\">IMG_6928<\/span><\/a><\/div><div class=\"su-custom-gallery-slide\" style=\"width:90px;height:90px\"><a href=\"https:\/\/cascadedepiscine.com\/wp-content\/uploads\/2024\/06\/IMG_7057-scaled.jpeg\" title=\"IMG_7057\"><img loading=\"lazy\" decoding=\"async\" src=\"https:\/\/cascadedepiscine.com\/wp-content\/uploads\/2024\/06\/IMG_7057-scaled.jpeg\" alt=\"IMG_7057\" width=\"90\" height=\"90\" \/><span class=\"su-custom-gallery-title\">IMG_7057<\/span><\/a><\/div><div class=\"su-custom-gallery-slide\" style=\"width:90px;height:90px\"><a href=\"https:\/\/cascadedepiscine.com\/wp-content\/uploads\/2024\/06\/IMG_7067-scaled.jpeg\" title=\"IMG_7067\"><img loading=\"lazy\" decoding=\"async\" src=\"https:\/\/cascadedepiscine.com\/wp-content\/uploads\/2024\/06\/IMG_7067-scaled.jpeg\" alt=\"IMG_7067\" width=\"90\" height=\"90\" \/><span class=\"su-custom-gallery-title\">IMG_7067<\/span><\/a><\/div><div class=\"su-custom-gallery-slide\" style=\"width:90px;height:90px\"><a href=\"https:\/\/cascadedepiscine.com\/wp-content\/uploads\/2024\/06\/IMG_7064-scaled.jpeg\" title=\"IMG_7064\"><img loading=\"lazy\" decoding=\"async\" src=\"https:\/\/cascadedepiscine.com\/wp-content\/uploads\/2024\/06\/IMG_7064-scaled.jpeg\" alt=\"IMG_7064\" width=\"90\" height=\"90\" \/><span class=\"su-custom-gallery-title\">IMG_7064<\/span><\/a><\/div><div class=\"su-custom-gallery-slide\" style=\"width:90px;height:90px\"><a href=\"https:\/\/cascadedepiscine.com\/wp-content\/uploads\/2024\/06\/IMG_7060-scaled.jpeg\" title=\"IMG_7060\"><img loading=\"lazy\" decoding=\"async\" src=\"https:\/\/cascadedepiscine.com\/wp-content\/uploads\/2024\/06\/IMG_7060-scaled.jpeg\" alt=\"IMG_7060\" width=\"90\" height=\"90\" \/><span class=\"su-custom-gallery-title\">IMG_7060<\/span><\/a><\/div><div class=\"su-custom-gallery-slide\" style=\"width:90px;height:90px\"><a href=\"https:\/\/cascadedepiscine.com\/wp-content\/uploads\/2024\/06\/IMG_7058-scaled.jpeg\" title=\"IMG_7058\"><img loading=\"lazy\" decoding=\"async\" src=\"https:\/\/cascadedepiscine.com\/wp-content\/uploads\/2024\/06\/IMG_7058-scaled.jpeg\" alt=\"IMG_7058\" width=\"90\" height=\"90\" \/><span class=\"su-custom-gallery-title\">IMG_7058<\/span><\/a><\/div><div class=\"su-clear\"><\/div><\/div>\n\n\n\n<figure class=\"wp-block-image size-thumbnail\"><img loading=\"lazy\" decoding=\"async\" width=\"150\" height=\"150\" src=\"https:\/\/www.cascadedepiscine.com\/wp-content\/uploads\/2024\/06\/aubignan-150x150.png\" alt=\"\" class=\"wp-image-314\" srcset=\"https:\/\/cascadedepiscine.com\/wp-content\/uploads\/2024\/06\/aubignan-150x150.png 150w, https:\/\/cascadedepiscine.com\/wp-content\/uploads\/2024\/06\/aubignan-300x297.png 300w, https:\/\/cascadedepiscine.com\/wp-content\/uploads\/2024\/06\/aubignan.png 604w\" sizes=\"auto, (max-width: 150px) 100vw, 150px\" \/><\/figure>\n\n\n\n<p><strong>Mai 2024 &#8211;<\/strong> R\u00e9alisation d\u2019une all\u00e9e en b\u00e9ton empreinte style pav\u00e9 de Paris vraiment magnifique.<\/p>\n\n\n\n<div class=\"su-custom-gallery su-custom-gallery-align-left su-custom-gallery-title-never su-lightbox-gallery\"><div class=\"su-custom-gallery-slide\" style=\"width:90px;height:90px\"><a href=\"https:\/\/cascadedepiscine.com\/wp-content\/uploads\/2024\/06\/438145790_122144388968196715_877294291620762480_n.jpg\" title=\"438145790_122144388968196715_877294291620762480_n\"><img loading=\"lazy\" decoding=\"async\" src=\"https:\/\/cascadedepiscine.com\/wp-content\/uploads\/2024\/06\/438145790_122144388968196715_877294291620762480_n-90x90.jpg\" alt=\"438145790_122144388968196715_877294291620762480_n\" width=\"90\" height=\"90\" \/><span class=\"su-custom-gallery-title\">438145790_122144388968196715_877294291620762480_n<\/span><\/a><\/div><div class=\"su-clear\"><\/div><\/div>\n\n\n\n<p><strong>Avril 2024 &#8211;<\/strong> R\u00e9alisation d&rsquo;une terrasse en b\u00e9ton<\/p>\n\n\n\n<figure class=\"wp-block-image size-thumbnail\"><img loading=\"lazy\" decoding=\"async\" width=\"150\" height=\"150\" src=\"https:\/\/www.cascadedepiscine.com\/wp-content\/uploads\/2024\/06\/2024_terrasse_beton-150x150.png\" alt=\"\" class=\"wp-image-318\" srcset=\"https:\/\/cascadedepiscine.com\/wp-content\/uploads\/2024\/06\/2024_terrasse_beton-150x150.png 150w, https:\/\/cascadedepiscine.com\/wp-content\/uploads\/2024\/06\/2024_terrasse_beton-300x298.png 300w, https:\/\/cascadedepiscine.com\/wp-content\/uploads\/2024\/06\/2024_terrasse_beton.png 596w\" sizes=\"auto, (max-width: 150px) 100vw, 150px\" \/><\/figure>\n\n\n\n<p><strong>R\u00e9alisations diverses<\/strong> \u00e0 La R\u00e9union<\/p>\n\n\n\n<div class=\"su-custom-gallery su-custom-gallery-align-left su-custom-gallery-title-hover su-lightbox-gallery\"><div class=\"su-custom-gallery-slide\" style=\"width:90px;height:90px\"><a href=\"https:\/\/cascadedepiscine.com\/wp-content\/uploads\/2024\/06\/st_andre.jpeg\" title=\"st_andre\"><img loading=\"lazy\" decoding=\"async\" src=\"https:\/\/cascadedepiscine.com\/wp-content\/uploads\/2024\/06\/st_andre-90x90.jpeg\" alt=\"st_andre\" width=\"90\" height=\"90\" \/><span class=\"su-custom-gallery-title\">st_andre<\/span><\/a><\/div><div class=\"su-custom-gallery-slide\" style=\"width:90px;height:90px\"><a href=\"https:\/\/cascadedepiscine.com\/wp-content\/uploads\/2024\/06\/ste_rose.jpeg\" title=\"ste_rose\"><img loading=\"lazy\" decoding=\"async\" src=\"https:\/\/cascadedepiscine.com\/wp-content\/uploads\/2024\/06\/ste_rose-90x90.jpeg\" alt=\"ste_rose\" width=\"90\" height=\"90\" \/><span class=\"su-custom-gallery-title\">ste_rose<\/span><\/a><\/div><div class=\"su-custom-gallery-slide\" style=\"width:90px;height:90px\"><a href=\"https:\/\/cascadedepiscine.com\/wp-content\/uploads\/2024\/06\/ste_marie-scaled.jpeg\" title=\"ste_marie\"><img loading=\"lazy\" decoding=\"async\" src=\"https:\/\/cascadedepiscine.com\/wp-content\/uploads\/2024\/06\/ste_marie-scaled.jpeg\" alt=\"ste_marie\" width=\"90\" height=\"90\" \/><span class=\"su-custom-gallery-title\">ste_marie<\/span><\/a><\/div><div class=\"su-clear\"><\/div><\/div>\n","protected":false},"excerpt":{"rendered":"<p>Janvier \u00e0 Mai 2025 Juin 2024 &#8211; La R\u00e9union Nouvelle r\u00e9alisation \u00e0 l&rsquo;\u00eele de La R\u00e9union autour d&rsquo;une piscine d\u00e9j\u00e0 existante ! Mai 2024 &#8211; Aubignan Nouvelle r\u00e9alisation d&rsquo;une piscine canyon. Mai 2024 &#8211; R\u00e9alisation d\u2019une all\u00e9e en b\u00e9ton empreinte style pav\u00e9 de Paris vraiment magnifique. Avril 2024 &#8211; R\u00e9alisation d&rsquo;une terrasse en b\u00e9ton R\u00e9alisations [&hellip;]<\/p>\n","protected":false},"author":1,"featured_media":0,"parent":0,"menu_order":0,"comment_status":"closed","ping_status":"closed","template":"","meta":{"footnotes":""},"class_list":["post-284","page","type-page","status-publish","hentry"],"_links":{"self":[{"href":"https:\/\/cascadedepiscine.com\/index.php?rest_route=\/wp\/v2\/pages\/284","targetHints":{"allow":["GET"]}}],"collection":[{"href":"https:\/\/cascadedepiscine.com\/index.php?rest_route=\/wp\/v2\/pages"}],"about":[{"href":"https:\/\/cascadedepiscine.com\/index.php?rest_route=\/wp\/v2\/types\/page"}],"author":[{"embeddable":true,"href":"https:\/\/cascadedepiscine.com\/index.php?rest_route=\/wp\/v2\/users\/1"}],"replies":[{"embeddable":true,"href":"https:\/\/cascadedepiscine.com\/index.php?rest_route=%2Fwp%2Fv2%2Fcomments&post=284"}],"version-history":[{"count":25,"href":"https:\/\/cascadedepiscine.com\/index.php?rest_route=\/wp\/v2\/pages\/284\/revisions"}],"predecessor-version":[{"id":554,"href":"https:\/\/cascadedepiscine.com\/index.php?rest_route=\/wp\/v2\/pages\/284\/revisions\/554"}],"wp:attachment":[{"href":"https:\/\/cascadedepiscine.com\/index.php?rest_route=%2Fwp%2Fv2%2Fmedia&parent=284"}],"curies":[{"name":"wp","href":"https:\/\/api.w.org\/{rel}","templated":true}]}}